{"id":11,"date":"2022-08-09T05:29:35","date_gmt":"2022-08-09T05:29:35","guid":{"rendered":"http:\/\/localhost\/chongleetaekwondo\/?page_id=11"},"modified":"2024-11-09T16:09:30","modified_gmt":"2024-11-09T16:09:30","slug":"homepage","status":"publish","type":"page","link":"https:\/\/chongleetaekwondo.ca\/fr\/","title":{"rendered":"Home"},"content":{"rendered":"<div style=\"color: red;\">Le Taekwondo, un art cor\u00e9en d\u2019autod\u00e9fense, a \u00e9t\u00e9 introduit au Canada et au Qu\u00e9bec par le Grand Ma\u00eetre Chong Lee 9i\u00e8me Dan, \u00e0 Montr\u00e9al m\u00eame, en 1964. Nous avons m\u00eame des \u00e9tudiants qui viennent de Laval et de Longueuil. Depuis ce temps, sa popularit\u00e9 n&#8217;a fait que s&#8217;accro\u00eetre et se r\u00e9pandre \u00e0 travers le Canada et plusieurs autres pays. C\u2019est depuis 45 ans que l\u2019enseignement de ce Grand Ma\u00eetre oeuvre \u00e0 former plus de taekwondo\u00efstes que toute autre \u00e9cole au Canada.<\/div>\n<div>Le Taekwondo est un art martial avec un volet sportif accessible \u00e0 tous. En plus d\u2019outiller l\u2019adulte de techniques d\u2019autod\u00e9fense, il permet de b\u00e2tir, maintenir ou de retrouver une bonne forme physique en augmentant habilet\u00e9s, souplesse et endurance.<\/div>\n<div>Chez les enfants, les bienfaits du taekwondo sont reconnus et multiples. Encadr\u00e9s par nos instructeurs qualifi\u00e9s, les jeunes acqui\u00e8rent discipline, concentration et respect d\u2019eux-m\u00eames, des autres et de leur environnement. Il n\u2019est pas rare d\u2019observer une am\u00e9lioration de leur performance scolaire. Un bar sant\u00e9 avec vue sur le dojang (gymnase) vous permet d&#8217;assister au d\u00e9roulement du cours ou d&#8217;accompagner visuellement votre enfant pendant les s\u00e9ances.<\/div>\n<div>Situ\u00e9e \u00e0 deux coins de rue du M\u00e9tro de Castelneau, l&#8217;\u00e9cole Chong Lee Taekwondo offre des cours pour tous les niveaux, dans un environnement stimulant et s\u00e9curitaire.<\/div>\n","protected":false},"excerpt":{"rendered":"<p>Le Taekwondo, un art cor\u00e9en d\u2019autod\u00e9fense, a \u00e9t\u00e9 introduit au Canada et au Qu\u00e9bec par le Grand Ma\u00eetre Chong Lee 9i\u00e8me Dan, \u00e0 Montr\u00e9al m\u00eame, en 1964. Nous avons m\u00eame des \u00e9tudiants qui viennent de Laval et de Longueuil. Depuis ce temps, sa popularit\u00e9 n&#8217;a fait que s&#8217;accro\u00eetre et se r\u00e9pandre \u00e0 travers le Canada [&hellip;]<\/p>\n","protected":false},"author":1,"featured_media":981,"parent":0,"menu_order":0,"comment_status":"closed","ping_status":"closed","template":"homepage.php","meta":{"_acf_changed":false,"footnotes":""},"class_list":["post-11","page","type-page","status-publish","has-post-thumbnail","hentry"],"translation":{"provider":"WPGlobus","version":"3.0.2","language":"fr","enabled_languages":["en","fr"],"languages":{"en":{"title":true,"content":true,"excerpt":false},"fr":{"title":true,"content":true,"excerpt":false}}},"acf":[],"_links":{"self":[{"href":"https:\/\/chongleetaekwondo.ca\/fr\/wp-json\/wp\/v2\/pages\/11","targetHints":{"allow":["GET"]}}],"collection":[{"href":"https:\/\/chongleetaekwondo.ca\/fr\/wp-json\/wp\/v2\/pages"}],"about":[{"href":"https:\/\/chongleetaekwondo.ca\/fr\/wp-json\/wp\/v2\/types\/page"}],"author":[{"embeddable":true,"href":"https:\/\/chongleetaekwondo.ca\/fr\/wp-json\/wp\/v2\/users\/1"}],"replies":[{"embeddable":true,"href":"https:\/\/chongleetaekwondo.ca\/fr\/wp-json\/wp\/v2\/comments?post=11"}],"version-history":[{"count":39,"href":"https:\/\/chongleetaekwondo.ca\/fr\/wp-json\/wp\/v2\/pages\/11\/revisions"}],"predecessor-version":[{"id":998,"href":"https:\/\/chongleetaekwondo.ca\/fr\/wp-json\/wp\/v2\/pages\/11\/revisions\/998"}],"wp:featuredmedia":[{"embeddable":true,"href":"https:\/\/chongleetaekwondo.ca\/fr\/wp-json\/wp\/v2\/media\/981"}],"wp:attachment":[{"href":"https:\/\/chongleetaekwondo.ca\/fr\/wp-json\/wp\/v2\/media?parent=11"}],"curies":[{"name":"wp","href":"https:\/\/api.w.org\/{rel}","templated":true}]}}